{"id":29,"date":"2020-10-07T22:00:54","date_gmt":"2020-10-07T22:00:54","guid":{"rendered":"https:\/\/annius-immensus.de\/?page_id=29"},"modified":"2021-10-03T15:22:04","modified_gmt":"2021-10-03T15:22:04","slug":"impressum","status":"publish","type":"page","link":"https:\/\/www.annius-immensus.de\/?page_id=29","title":{"rendered":"Impressum"},"content":{"rendered":"\n<h3>Verantwortlichkeitsangabe nach Telemediengesetz<\/h3>\n\n\n\n<p>Annius Immensus, vertreten durch W. Thomas Tr\u00fcter<\/p>\n\n\n\n<p>annius-immensus@web.de<\/p>\n\n\n\n<p>Lerchenfeld 16, 23701 Eutin<\/p>\n\n\n\n<p><\/p>\n\n\n\n<p><\/p>\n\n\n\n<p><\/p>\n\n\n\n<p><\/p>\n\n\n\n<p><\/p>\n\n\n\n<p><\/p>\n\n\n\n<p><\/p>\n\n\n\n<p><\/p>\n\n\n\n<p><h3><strong>Haftungshinweis<\/strong><\/h3><\/p>\n\n\n\n<p>F\u00fcr externe Links oder Inhalte Dritter Parteien sind die jeweiligen Anbieter verantwortlich. Wir \u00fcbernehmen keine Verantwortung f\u00fcr die Inhalte Dritter Parteien.<\/p>\n","protected":false},"excerpt":{"rendered":"<p>Verantwortlichkeitsangabe nach Telemediengesetz Annius Immensus, vertreten durch W. Thomas Tr\u00fcter annius-immensus@web.de Lerchenfeld 16, 23701 Eutin Haftungshinweis F\u00fcr externe Links oder &hellip; <a href=\"https:\/\/www.annius-immensus.de\/?page_id=29\" class=\"more-link\"><span class=\"more-button\">Continue Reading<span class=\"screen-reader-text\">Impressum<\/span><\/span><\/a><\/p>\n","protected":false},"author":1,"featured_media":0,"parent":0,"menu_order":0,"comment_status":"closed","ping_status":"closed","template":"","meta":{"spay_email":""},"yoast_head":"<!-- This site is optimized with the Yoast SEO plugin v18.4.1 - https:\/\/yoast.com\/wordpress\/plugins\/seo\/ -->\n<title>Impressum - Annius Immensus<\/title>\n<meta name=\"robots\" content=\"index, follow, max-snippet:-1, max-image-preview:large, max-video-preview:-1\" \/>\n<link rel=\"canonical\" href=\"https:\/\/www.annius-immensus.de\/?page_id=29\" \/>\n<meta property=\"og:locale\" content=\"de_DE\" \/>\n<meta property=\"og:type\" content=\"article\" \/>\n<meta property=\"og:title\" content=\"Impressum - Annius Immensus\" \/>\n<meta property=\"og:description\" content=\"Verantwortlichkeitsangabe nach Telemediengesetz Annius Immensus, vertreten durch W. Thomas Tr\u00fcter annius-immensus@web.de Lerchenfeld 16, 23701 Eutin Haftungshinweis F\u00fcr externe Links oder &hellip; Continue ReadingImpressum\" \/>\n<meta property=\"og:url\" content=\"https:\/\/www.annius-immensus.de\/?page_id=29\" \/>\n<meta property=\"og:site_name\" content=\"Annius Immensus\" \/>\n<meta property=\"article:modified_time\" content=\"2021-10-03T15:22:04+00:00\" \/>\n<meta name=\"twitter:card\" content=\"summary_large_image\" \/>\n<meta name=\"twitter:label1\" content=\"Gesch\u00e4tzte Lesezeit\" \/>\n\t<meta name=\"twitter:data1\" content=\"1 Minute\" \/>\n<script type=\"application\/ld+json\" class=\"yoast-schema-graph\">{\"@context\":\"https:\/\/schema.org\",\"@graph\":[{\"@type\":\"WebSite\",\"@id\":\"https:\/\/www.annius-immensus.de\/#website\",\"url\":\"https:\/\/www.annius-immensus.de\/\",\"name\":\"Annius Immensus\",\"description\":\"Gitarren Wave, Dark Folk aus hamburg\",\"potentialAction\":[{\"@type\":\"SearchAction\",\"target\":{\"@type\":\"EntryPoint\",\"urlTemplate\":\"https:\/\/www.annius-immensus.de\/?s={search_term_string}\"},\"query-input\":\"required name=search_term_string\"}],\"inLanguage\":\"de-DE\"},{\"@type\":\"WebPage\",\"@id\":\"https:\/\/www.annius-immensus.de\/?page_id=29#webpage\",\"url\":\"https:\/\/www.annius-immensus.de\/?page_id=29\",\"name\":\"Impressum - Annius Immensus\",\"isPartOf\":{\"@id\":\"https:\/\/www.annius-immensus.de\/#website\"},\"datePublished\":\"2020-10-07T22:00:54+00:00\",\"dateModified\":\"2021-10-03T15:22:04+00:00\",\"breadcrumb\":{\"@id\":\"https:\/\/www.annius-immensus.de\/?page_id=29#breadcrumb\"},\"inLanguage\":\"de-DE\",\"potentialAction\":[{\"@type\":\"ReadAction\",\"target\":[\"https:\/\/www.annius-immensus.de\/?page_id=29\"]}]},{\"@type\":\"BreadcrumbList\",\"@id\":\"https:\/\/www.annius-immensus.de\/?page_id=29#breadcrumb\",\"itemListElement\":[{\"@type\":\"ListItem\",\"position\":1,\"name\":\"Startseite\",\"item\":\"https:\/\/www.annius-immensus.de\/\"},{\"@type\":\"ListItem\",\"position\":2,\"name\":\"Impressum\"}]}]}<\/script>\n<!-- \/ Yoast SEO plugin. -->","yoast_head_json":{"title":"Impressum - Annius Immensus","robots":{"index":"index","follow":"follow","max-snippet":"max-snippet:-1","max-image-preview":"max-image-preview:large","max-video-preview":"max-video-preview:-1"},"canonical":"https:\/\/www.annius-immensus.de\/?page_id=29","og_locale":"de_DE","og_type":"article","og_title":"Impressum - Annius Immensus","og_description":"Verantwortlichkeitsangabe nach Telemediengesetz Annius Immensus, vertreten durch W. Thomas Tr\u00fcter annius-immensus@web.de Lerchenfeld 16, 23701 Eutin Haftungshinweis F\u00fcr externe Links oder &hellip; Continue ReadingImpressum","og_url":"https:\/\/www.annius-immensus.de\/?page_id=29","og_site_name":"Annius Immensus","article_modified_time":"2021-10-03T15:22:04+00:00","twitter_card":"summary_large_image","twitter_misc":{"Gesch\u00e4tzte Lesezeit":"1 Minute"},"schema":{"@context":"https:\/\/schema.org","@graph":[{"@type":"WebSite","@id":"https:\/\/www.annius-immensus.de\/#website","url":"https:\/\/www.annius-immensus.de\/","name":"Annius Immensus","description":"Gitarren Wave, Dark Folk aus hamburg","potentialAction":[{"@type":"SearchAction","target":{"@type":"EntryPoint","urlTemplate":"https:\/\/www.annius-immensus.de\/?s={search_term_string}"},"query-input":"required name=search_term_string"}],"inLanguage":"de-DE"},{"@type":"WebPage","@id":"https:\/\/www.annius-immensus.de\/?page_id=29#webpage","url":"https:\/\/www.annius-immensus.de\/?page_id=29","name":"Impressum - Annius Immensus","isPartOf":{"@id":"https:\/\/www.annius-immensus.de\/#website"},"datePublished":"2020-10-07T22:00:54+00:00","dateModified":"2021-10-03T15:22:04+00:00","breadcrumb":{"@id":"https:\/\/www.annius-immensus.de\/?page_id=29#breadcrumb"},"inLanguage":"de-DE","potentialAction":[{"@type":"ReadAction","target":["https:\/\/www.annius-immensus.de\/?page_id=29"]}]},{"@type":"BreadcrumbList","@id":"https:\/\/www.annius-immensus.de\/?page_id=29#breadcrumb","itemListElement":[{"@type":"ListItem","position":1,"name":"Startseite","item":"https:\/\/www.annius-immensus.de\/"},{"@type":"ListItem","position":2,"name":"Impressum"}]}]}},"_links":{"self":[{"href":"https:\/\/www.annius-immensus.de\/index.php?rest_route=\/wp\/v2\/pages\/29"}],"collection":[{"href":"https:\/\/www.annius-immensus.de\/index.php?rest_route=\/wp\/v2\/pages"}],"about":[{"href":"https:\/\/www.annius-immensus.de\/index.php?rest_route=\/wp\/v2\/types\/page"}],"author":[{"embeddable":true,"href":"https:\/\/www.annius-immensus.de\/index.php?rest_route=\/wp\/v2\/users\/1"}],"replies":[{"embeddable":true,"href":"https:\/\/www.annius-immensus.de\/index.php?rest_route=%2Fwp%2Fv2%2Fcomments&post=29"}],"version-history":[{"count":10,"href":"https:\/\/www.annius-immensus.de\/index.php?rest_route=\/wp\/v2\/pages\/29\/revisions"}],"predecessor-version":[{"id":239,"href":"https:\/\/www.annius-immensus.de\/index.php?rest_route=\/wp\/v2\/pages\/29\/revisions\/239"}],"wp:attachment":[{"href":"https:\/\/www.annius-immensus.de\/index.php?rest_route=%2Fwp%2Fv2%2Fmedia&parent=29"}],"curies":[{"name":"wp","href":"https:\/\/api.w.org\/{rel}","templated":true}]}}