{"id":33,"date":"2020-10-07T22:00:54","date_gmt":"2020-10-07T22:00:54","guid":{"rendered":"https:\/\/annius-immensus.de\/?page_id=33"},"modified":"2021-11-01T11:22:43","modified_gmt":"2021-11-01T11:22:43","slug":"mike-borsig","status":"publish","type":"page","link":"https:\/\/www.annius-immensus.de\/?page_id=33","title":{"rendered":"Mike Borsig &#8211; Der Bassist"},"content":{"rendered":"\n<p>Mike Borsig ist Bassist und zeitweiliger Backgrounds\u00e4nger von Annius Immensus. Er ist ausgebildeter Offsetdrucker, arbeitet seit geraumer Zeit aber als Technischer Assistent in einer Berufsschule. Er kam erst sp\u00e4ter zu dieser Formation hinzu, ist aber seitdem mit stetig wachsender Begeisterung dabei.<\/p>\n\n\n\n<hr>\n<br>\n\n\n\n<p><em>Was h\u00f6rst du in deiner Freizeit?<\/em><\/p>\n\n\n\n<p>Alles was gut klingt. Das kann Reggae sein, Heavy Metal, Jazz, sogar Schlager oder eben Goth und Elektronik<\/p>\n\n\n\n<br>\n\n\n\n<p><em>Was macht einen Basssound aus?<\/em><\/p>\n\n\n\n<p>Unterschiedlich. Denkbar w\u00e4re beispielweise Musikstile zu mischen. Dadurch k\u00f6nnten neue Sounds entstehen. Oder auch nicht, muss man halt ausprobieren. Aber nur so entsteht halt neues. Oder eben nicht.<\/p>\n\n\n\n<br>\n\n\n\n<p><em>Wohin zieht es dich bei Reisen?<\/em><\/p>\n\n\n\n<p>Das kann eine Gro\u00dfstadt wie New York sein; aber auch eine Gegend wie z.B. Cornwall, Gro\u00dfbritannien. Malta ist auch interessant. Oder auch Ziele in Deutschland. K\u00f6ln w\u00e4re da zu nennen. Oder eben Hamburg.<\/p>\n","protected":false},"excerpt":{"rendered":"<p>Mike Borsig ist Bassist und zeitweiliger Backgrounds\u00e4nger von Annius Immensus. Er ist ausgebildeter Offsetdrucker, arbeitet seit geraumer Zeit aber als &hellip; <a href=\"https:\/\/www.annius-immensus.de\/?page_id=33\" class=\"more-link\"><span class=\"more-button\">Continue Reading<span class=\"screen-reader-text\">Mike Borsig &#8211; Der Bassist<\/span><\/span><\/a><\/p>\n","protected":false},"author":1,"featured_media":0,"parent":0,"menu_order":0,"comment_status":"closed","ping_status":"closed","template":"","meta":{"spay_email":""},"yoast_head":"<!-- This site is optimized with the Yoast SEO plugin v18.4.1 - https:\/\/yoast.com\/wordpress\/plugins\/seo\/ -->\n<title>Mike Borsig - Der Bassist - Annius Immensus<\/title>\n<meta name=\"robots\" content=\"index, follow, max-snippet:-1, max-image-preview:large, max-video-preview:-1\" \/>\n<link rel=\"canonical\" href=\"https:\/\/www.annius-immensus.de\/?page_id=33\" \/>\n<meta property=\"og:locale\" content=\"de_DE\" \/>\n<meta property=\"og:type\" content=\"article\" \/>\n<meta property=\"og:title\" content=\"Mike Borsig - Der Bassist - Annius Immensus\" \/>\n<meta property=\"og:description\" content=\"Mike Borsig ist Bassist und zeitweiliger Backgrounds\u00e4nger von Annius Immensus. Er ist ausgebildeter Offsetdrucker, arbeitet seit geraumer Zeit aber als &hellip; Continue ReadingMike Borsig &#8211; Der Bassist\" \/>\n<meta property=\"og:url\" content=\"https:\/\/www.annius-immensus.de\/?page_id=33\" \/>\n<meta property=\"og:site_name\" content=\"Annius Immensus\" \/>\n<meta property=\"article:modified_time\" content=\"2021-11-01T11:22:43+00:00\" \/>\n<meta name=\"twitter:card\" content=\"summary_large_image\" \/>\n<meta name=\"twitter:label1\" content=\"Gesch\u00e4tzte Lesezeit\" \/>\n\t<meta name=\"twitter:data1\" content=\"1 Minute\" \/>\n<script type=\"application\/ld+json\" class=\"yoast-schema-graph\">{\"@context\":\"https:\/\/schema.org\",\"@graph\":[{\"@type\":\"WebSite\",\"@id\":\"https:\/\/www.annius-immensus.de\/#website\",\"url\":\"https:\/\/www.annius-immensus.de\/\",\"name\":\"Annius Immensus\",\"description\":\"Gitarren Wave, Dark Folk aus hamburg\",\"potentialAction\":[{\"@type\":\"SearchAction\",\"target\":{\"@type\":\"EntryPoint\",\"urlTemplate\":\"https:\/\/www.annius-immensus.de\/?s={search_term_string}\"},\"query-input\":\"required name=search_term_string\"}],\"inLanguage\":\"de-DE\"},{\"@type\":\"WebPage\",\"@id\":\"https:\/\/www.annius-immensus.de\/?page_id=33#webpage\",\"url\":\"https:\/\/www.annius-immensus.de\/?page_id=33\",\"name\":\"Mike Borsig - Der Bassist - Annius Immensus\",\"isPartOf\":{\"@id\":\"https:\/\/www.annius-immensus.de\/#website\"},\"datePublished\":\"2020-10-07T22:00:54+00:00\",\"dateModified\":\"2021-11-01T11:22:43+00:00\",\"breadcrumb\":{\"@id\":\"https:\/\/www.annius-immensus.de\/?page_id=33#breadcrumb\"},\"inLanguage\":\"de-DE\",\"potentialAction\":[{\"@type\":\"ReadAction\",\"target\":[\"https:\/\/www.annius-immensus.de\/?page_id=33\"]}]},{\"@type\":\"BreadcrumbList\",\"@id\":\"https:\/\/www.annius-immensus.de\/?page_id=33#breadcrumb\",\"itemListElement\":[{\"@type\":\"ListItem\",\"position\":1,\"name\":\"Startseite\",\"item\":\"https:\/\/www.annius-immensus.de\/\"},{\"@type\":\"ListItem\",\"position\":2,\"name\":\"Mike Borsig &#8211; Der Bassist\"}]}]}<\/script>\n<!-- \/ Yoast SEO plugin. -->","yoast_head_json":{"title":"Mike Borsig - Der Bassist - Annius Immensus","robots":{"index":"index","follow":"follow","max-snippet":"max-snippet:-1","max-image-preview":"max-image-preview:large","max-video-preview":"max-video-preview:-1"},"canonical":"https:\/\/www.annius-immensus.de\/?page_id=33","og_locale":"de_DE","og_type":"article","og_title":"Mike Borsig - Der Bassist - Annius Immensus","og_description":"Mike Borsig ist Bassist und zeitweiliger Backgrounds\u00e4nger von Annius Immensus. Er ist ausgebildeter Offsetdrucker, arbeitet seit geraumer Zeit aber als &hellip; Continue ReadingMike Borsig &#8211; Der Bassist","og_url":"https:\/\/www.annius-immensus.de\/?page_id=33","og_site_name":"Annius Immensus","article_modified_time":"2021-11-01T11:22:43+00:00","twitter_card":"summary_large_image","twitter_misc":{"Gesch\u00e4tzte Lesezeit":"1 Minute"},"schema":{"@context":"https:\/\/schema.org","@graph":[{"@type":"WebSite","@id":"https:\/\/www.annius-immensus.de\/#website","url":"https:\/\/www.annius-immensus.de\/","name":"Annius Immensus","description":"Gitarren Wave, Dark Folk aus hamburg","potentialAction":[{"@type":"SearchAction","target":{"@type":"EntryPoint","urlTemplate":"https:\/\/www.annius-immensus.de\/?s={search_term_string}"},"query-input":"required name=search_term_string"}],"inLanguage":"de-DE"},{"@type":"WebPage","@id":"https:\/\/www.annius-immensus.de\/?page_id=33#webpage","url":"https:\/\/www.annius-immensus.de\/?page_id=33","name":"Mike Borsig - Der Bassist - Annius Immensus","isPartOf":{"@id":"https:\/\/www.annius-immensus.de\/#website"},"datePublished":"2020-10-07T22:00:54+00:00","dateModified":"2021-11-01T11:22:43+00:00","breadcrumb":{"@id":"https:\/\/www.annius-immensus.de\/?page_id=33#breadcrumb"},"inLanguage":"de-DE","potentialAction":[{"@type":"ReadAction","target":["https:\/\/www.annius-immensus.de\/?page_id=33"]}]},{"@type":"BreadcrumbList","@id":"https:\/\/www.annius-immensus.de\/?page_id=33#breadcrumb","itemListElement":[{"@type":"ListItem","position":1,"name":"Startseite","item":"https:\/\/www.annius-immensus.de\/"},{"@type":"ListItem","position":2,"name":"Mike Borsig &#8211; Der Bassist"}]}]}},"_links":{"self":[{"href":"https:\/\/www.annius-immensus.de\/index.php?rest_route=\/wp\/v2\/pages\/33"}],"collection":[{"href":"https:\/\/www.annius-immensus.de\/index.php?rest_route=\/wp\/v2\/pages"}],"about":[{"href":"https:\/\/www.annius-immensus.de\/index.php?rest_route=\/wp\/v2\/types\/page"}],"author":[{"embeddable":true,"href":"https:\/\/www.annius-immensus.de\/index.php?rest_route=\/wp\/v2\/users\/1"}],"replies":[{"embeddable":true,"href":"https:\/\/www.annius-immensus.de\/index.php?rest_route=%2Fwp%2Fv2%2Fcomments&post=33"}],"version-history":[{"count":8,"href":"https:\/\/www.annius-immensus.de\/index.php?rest_route=\/wp\/v2\/pages\/33\/revisions"}],"predecessor-version":[{"id":269,"href":"https:\/\/www.annius-immensus.de\/index.php?rest_route=\/wp\/v2\/pages\/33\/revisions\/269"}],"wp:attachment":[{"href":"https:\/\/www.annius-immensus.de\/index.php?rest_route=%2Fwp%2Fv2%2Fmedia&parent=33"}],"curies":[{"name":"wp","href":"https:\/\/api.w.org\/{rel}","templated":true}]}}